{"id":1803510,"date":"2019-05-20T16:00:44","date_gmt":"2019-05-20T16:00:44","guid":{"rendered":"https:\/\/certificacaoglobal.pt\/pedido-de-certificado-energetico\/"},"modified":"2022-10-25T11:22:20","modified_gmt":"2022-10-25T10:22:20","slug":"energy-certificate-request","status":"publish","type":"page","link":"https:\/\/certificacaoglobal.pt\/en\/energy-certificate-request\/","title":{"rendered":"Energy Certificate Request"},"content":{"rendered":"\n<h2 class=\"wp-block-heading\">Obrigado!<\/h2>\n\n\n\n<p>O seu pedido de certificado energ\u00e9tico foi registado com sucesso.<\/p>\n\n\n\n<p>Receber\u00e1 no seu email da c\u00f3pia do pedido.<\/p>\n\n\n\n<p><strong>Refer\u00eancia de Processo: {{refrence_number}}<\/strong><\/p>\n\n\n\n<p>A qualquer momento poder\u00e1 contactar-nos para o email {{email}}.<br><strong>Em ambos os casos, refira sempre o seu n\u00ba de processo.<\/strong><\/p>\n\n\n\n<p><strong>Ser\u00e1 contactado no prazo de 24 horas<\/strong> pela nossa equipa de apoio ao cliente, para efetuar o agendamento da visita do perito para levantamento dos dados necess\u00e1rios \u00e0 emiss\u00e3o do certificado.<\/p>\n\n\n\n<h5 class=\"wp-block-heading\">Recordamos os passos necess\u00e1rios para completar o processo de certifica\u00e7\u00e3o:<\/h5>\n\n\n\n<p><\/p>\n","protected":false},"excerpt":{"rendered":"<p>Obrigado! O seu pedido de certificado energ\u00e9tico foi registado com sucesso. Receber\u00e1 no seu email da c\u00f3pia do pedido. Refer\u00eancia de Processo: {{refrence_number}} A qualquer momento poder\u00e1 contactar-nos para o email {{email}}.Em ambos os casos, refira sempre o seu n\u00ba de processo. Ser\u00e1 contactado no prazo de 24 horas pela nossa equipa de apoio ao [&hellip;]<\/p>\n","protected":false},"author":1,"featured_media":0,"parent":0,"menu_order":0,"comment_status":"closed","ping_status":"closed","template":"template-pedido-certificado.php","meta":{"_acf_changed":false,"footnotes":""},"class_list":["post-1803510","page","type-page","status-publish","hentry"],"acf":[],"_links":{"self":[{"href":"https:\/\/certificacaoglobal.pt\/en\/wp-json\/wp\/v2\/pages\/1803510","targetHints":{"allow":["GET"]}}],"collection":[{"href":"https:\/\/certificacaoglobal.pt\/en\/wp-json\/wp\/v2\/pages"}],"about":[{"href":"https:\/\/certificacaoglobal.pt\/en\/wp-json\/wp\/v2\/types\/page"}],"author":[{"embeddable":true,"href":"https:\/\/certificacaoglobal.pt\/en\/wp-json\/wp\/v2\/users\/1"}],"replies":[{"embeddable":true,"href":"https:\/\/certificacaoglobal.pt\/en\/wp-json\/wp\/v2\/comments?post=1803510"}],"version-history":[{"count":4,"href":"https:\/\/certificacaoglobal.pt\/en\/wp-json\/wp\/v2\/pages\/1803510\/revisions"}],"predecessor-version":[{"id":1803654,"href":"https:\/\/certificacaoglobal.pt\/en\/wp-json\/wp\/v2\/pages\/1803510\/revisions\/1803654"}],"wp:attachment":[{"href":"https:\/\/certificacaoglobal.pt\/en\/wp-json\/wp\/v2\/media?parent=1803510"}],"curies":[{"name":"wp","href":"https:\/\/api.w.org\/{rel}","templated":true}]}}