{"id":1803519,"date":"2019-05-20T09:34:48","date_gmt":"2019-05-20T08:34:48","guid":{"rendered":"https:\/\/certificacaoglobal.pt\/trabalhar-com-a-certificacao-global\/"},"modified":"2022-10-29T21:29:09","modified_gmt":"2022-10-29T20:29:09","slug":"working-with-global-certification","status":"publish","type":"page","link":"https:\/\/certificacaoglobal.pt\/en\/working-with-global-certification\/","title":{"rendered":"Working with Certifica\u00e7\u00e3o Global"},"content":{"rendered":"\n<p>Certifica\u00e7\u00e3o Global works with a limited network of experts, maintaining a regular workflow for each technician, according to their availability. To learn more about the advantages of working with us, contact us!<\/p>\n\n\n\n<div class=\"wpcf7 no-js\" id=\"wpcf7-f1803754-o1\" lang=\"en-US\" dir=\"ltr\" data-wpcf7-id=\"1803754\">\n<div class=\"screen-reader-response\"><p role=\"status\" aria-live=\"polite\" aria-atomic=\"true\"><\/p> <ul><\/ul><\/div>\n<form action=\"\/en\/wp-json\/wp\/v2\/pages\/1803519#wpcf7-f1803754-o1\" method=\"post\" class=\"wpcf7-form init wpcf7-acceptance-as-validation\" aria-label=\"Contact form\" novalidate=\"novalidate\" data-status=\"init\">\n<fieldset class=\"hidden-fields-container\"><input type=\"hidden\" name=\"_wpcf7\" value=\"1803754\" \/><input type=\"hidden\" name=\"_wpcf7_version\" value=\"6.1.5\" \/><input type=\"hidden\" name=\"_wpcf7_locale\" value=\"en_US\" \/><input type=\"hidden\" name=\"_wpcf7_unit_tag\" value=\"wpcf7-f1803754-o1\" \/><input type=\"hidden\" name=\"_wpcf7_container_post\" value=\"0\" \/><input type=\"hidden\" name=\"_wpcf7_posted_data_hash\" value=\"\" \/><input type=\"hidden\" name=\"_wpcf7_recaptcha_response\" value=\"\" \/>\n<\/fieldset>\n<div class=\"cg-page pedido-certificado\" style=\"padding-bottom: 0\">\n\t<section class=\"step step-two\">\n\t\t<h2 class=\"step-title\">Formul\u00e1rio de Contacto\n\t\t<\/h2>\n\t\t<div class=\"row\">\n\t\t\t<div class=\"col-md-6\">\n\t\t\t\t<div class=\"control-wrapper\">\n\t\t\t\t\t<p><label>Name<\/label><br \/>\n<span class=\"wpcf7-form-control-wrap\" data-name=\"your-name\"><input size=\"40\" maxlength=\"400\" class=\"wpcf7-form-control wpcf7-text wpcf7-validates-as-required\" aria-required=\"true\" aria-invalid=\"false\" value=\"\" type=\"text\" name=\"your-name\" \/><\/span>\n\t\t\t\t\t<\/p>\n\t\t\t\t<\/div>\n\t\t\t<\/div>\n\t\t\t<div class=\"col-md-6\">\n\t\t\t\t<div class=\"control-wrapper\">\n\t\t\t\t\t<p><label>N\u00ba de Perito<\/label><br \/>\n<span class=\"wpcf7-form-control-wrap\" data-name=\"number-of-expert\"><input size=\"40\" maxlength=\"400\" class=\"wpcf7-form-control wpcf7-text wpcf7-validates-as-required\" aria-required=\"true\" aria-invalid=\"false\" value=\"\" type=\"text\" name=\"number-of-expert\" \/><\/span>\n\t\t\t\t\t<\/p>\n\t\t\t\t<\/div>\n\t\t\t<\/div>\n\t\t<\/div>\n\t\t<div class=\"row\">\n\t\t\t<div class=\"col-md-6\">\n\t\t\t\t<div class=\"control-wrapper\">\n\t\t\t\t\t<p><label>Telefone<\/label><br \/>\n<span class=\"wpcf7-form-control-wrap\" data-name=\"tel-328\"><input size=\"40\" maxlength=\"400\" class=\"wpcf7-form-control wpcf7-tel wpcf7-validates-as-required wpcf7-text wpcf7-validates-as-tel\" aria-required=\"true\" aria-invalid=\"false\" value=\"\" type=\"tel\" name=\"tel-328\" \/><\/span>\n\t\t\t\t\t<\/p>\n\t\t\t\t<\/div>\n\t\t\t<\/div>\n\t\t\t<div class=\"col-md-6\">\n\t\t\t\t<div class=\"control-wrapper\">\n\t\t\t\t\t<p><label>E-mail<\/label><br \/>\n<span class=\"wpcf7-form-control-wrap\" data-name=\"your-email\"><input size=\"40\" maxlength=\"400\" class=\"wpcf7-form-control wpcf7-email wpcf7-validates-as-required wpcf7-text wpcf7-validates-as-email\" aria-required=\"true\" aria-invalid=\"false\" value=\"\" type=\"email\" name=\"your-email\" \/><\/span>\n\t\t\t\t\t<\/p>\n\t\t\t\t<\/div>\n\t\t\t<\/div>\n\t\t<\/div>\n\t\t<div class=\"row\">\n\t\t\t<div class=\"col-md-6\">\n\t\t\t\t<div class=\"control-wrapper\">\n\t\t\t\t\t<p><label>\u00c1rea Geogr\u00e1fica de Actua\u00e7\u00e3o<\/label><br \/>\n<span class=\"wpcf7-form-control-wrap\" data-name=\"geo-area\"><textarea cols=\"40\" rows=\"10\" maxlength=\"2000\" class=\"wpcf7-form-control wpcf7-textarea wpcf7-validates-as-required\" aria-required=\"true\" aria-invalid=\"false\" name=\"geo-area\"><\/textarea><\/span>\n\t\t\t\t\t<\/p>\n\t\t\t\t<\/div>\n\t\t\t<\/div>\n\t\t\t<div class=\"col-md-6\">\n\t\t\t\t<div class=\"control-wrapper\">\n\t\t\t\t\t<p><label>Observa\u00e7\u00f5es<\/label><br \/>\n<span class=\"wpcf7-form-control-wrap\" data-name=\"observations\"><textarea cols=\"40\" rows=\"10\" maxlength=\"2000\" class=\"wpcf7-form-control wpcf7-textarea\" aria-invalid=\"false\" name=\"observations\"><\/textarea><\/span>\n\t\t\t\t\t<\/p>\n\t\t\t\t<\/div>\n\t\t\t<\/div>\n\t\t<\/div>\n\t\t<div class=\"control-wrapper\">\n\t\t\t<p><label class=\"checkbox-label\"><br \/>\n<span class=\"wpcf7-form-control-wrap\" data-name=\"acceptance-187\"><span class=\"wpcf7-form-control wpcf7-acceptance\"><span class=\"wpcf7-list-item\"><label><input type=\"checkbox\" name=\"acceptance-187\" value=\"1\" aria-invalid=\"false\" \/><span class=\"wpcf7-list-item-label\">Aceito que os meus dados pessoais sejam tratados pela Certifica\u00e7\u00e3o Global, de acordo com o definido\n                    na <a href=\"\/politica-de-privacidade\/\" target=\"_blank\">pol\u00edtica de privacidade<\/a> e nos <a\n                        href=\"\/termos-e-condicoes\/\" target=\"_blank\">termos e condi\u00e7\u00f5es<\/a>. <span class=\"checkmark\"><i\n                        class=\"fas fa-check\"><\/i><\/span><\/span><\/label><\/span><\/span><\/span><br \/>\n<\/label>\n\t\t\t<\/p>\n\t\t<\/div>\n\t<\/section>\n\t<p><button type=\"submit\" class=\"submit\">Enviar<\/button><br \/>\n<input class=\"wpcf7-form-control wpcf7-submit has-spinner\" type=\"submit\" value=\"Enviar\" \/>\n\t<\/p>\n<\/div>\n<div class=\"result\">\n\t<p>Obrigado pelo seu contacto.\n\t<\/p>\n\t<p>A sua mensagem foi enviada.\n\t<\/p>\n\t<p>Responderemos em breve!\n\t<\/p>\n<\/div><div class=\"wpcf7-response-output\" aria-hidden=\"true\"><\/div>\n<\/form>\n<\/div>\n\n\n\n\n<p><\/p>\n","protected":false},"excerpt":{"rendered":"<p>Certifica\u00e7\u00e3o Global works with a limited network of experts, maintaining a regular workflow for each technician, according to their availability. To learn more about the advantages of working with us, contact us!<\/p>\n","protected":false},"author":1,"featured_media":1803496,"parent":0,"menu_order":0,"comment_status":"closed","ping_status":"closed","template":"template-forms.php","meta":{"_acf_changed":false,"footnotes":""},"class_list":["post-1803519","page","type-page","status-publish","has-post-thumbnail","hentry"],"acf":[],"_links":{"self":[{"href":"https:\/\/certificacaoglobal.pt\/en\/wp-json\/wp\/v2\/pages\/1803519","targetHints":{"allow":["GET"]}}],"collection":[{"href":"https:\/\/certificacaoglobal.pt\/en\/wp-json\/wp\/v2\/pages"}],"about":[{"href":"https:\/\/certificacaoglobal.pt\/en\/wp-json\/wp\/v2\/types\/page"}],"author":[{"embeddable":true,"href":"https:\/\/certificacaoglobal.pt\/en\/wp-json\/wp\/v2\/users\/1"}],"replies":[{"embeddable":true,"href":"https:\/\/certificacaoglobal.pt\/en\/wp-json\/wp\/v2\/comments?post=1803519"}],"version-history":[{"count":2,"href":"https:\/\/certificacaoglobal.pt\/en\/wp-json\/wp\/v2\/pages\/1803519\/revisions"}],"predecessor-version":[{"id":1803691,"href":"https:\/\/certificacaoglobal.pt\/en\/wp-json\/wp\/v2\/pages\/1803519\/revisions\/1803691"}],"wp:featuredmedia":[{"embeddable":true,"href":"https:\/\/certificacaoglobal.pt\/en\/wp-json\/wp\/v2\/media\/1803496"}],"wp:attachment":[{"href":"https:\/\/certificacaoglobal.pt\/en\/wp-json\/wp\/v2\/media?parent=1803519"}],"curies":[{"name":"wp","href":"https:\/\/api.w.org\/{rel}","templated":true}]}}